{"id":1221,"date":"2020-10-08T11:27:33","date_gmt":"2020-10-08T10:27:33","guid":{"rendered":"http:\/\/gathering.24-7prayer.com\/sobre\/"},"modified":"2025-10-20T13:57:55","modified_gmt":"2025-10-20T12:57:55","slug":"sobre","status":"publish","type":"page","link":"http:\/\/gathering.24-7prayer.com\/es\/que-pasa\/sobre\/","title":{"rendered":"Informaci\u00f3n"},"content":{"rendered":"\n<h2 class=\"wp-block-heading\">Bienvenido a The Gathering<\/h2>\n\n<p>Estamos muy emocionados de que est\u00e9s aqu\u00ed. Las reuniones de oraci\u00f3n 24-7 son un momento para acercarse a Dios, adorar juntos, escuchar a los l\u00edderes y amigos del movimiento, y mucho m\u00e1s.<\/p>\n","protected":false},"excerpt":{"rendered":"<p>Bienvenido a The Gathering Estamos muy emocionados de que est\u00e9s aqu\u00ed. Las reuniones de oraci\u00f3n 24-7 son un momento para acercarse a Dios, adorar juntos, escuchar a los l\u00edderes y amigos del movimiento, y mucho m\u00e1s.<\/p>\n","protected":false},"author":1,"featured_media":3052,"parent":1223,"menu_order":10,"comment_status":"closed","ping_status":"closed","template":"page-templates\/about.php","meta":{"_acf_changed":false,"inline_featured_image":false,"footnotes":""},"class_list":["post-1221","page","type-page","status-publish","has-post-thumbnail","hentry"],"acf":[],"_links":{"self":[{"href":"http:\/\/gathering.24-7prayer.com\/es\/wp-json\/wp\/v2\/pages\/1221","targetHints":{"allow":["GET"]}}],"collection":[{"href":"http:\/\/gathering.24-7prayer.com\/es\/wp-json\/wp\/v2\/pages"}],"about":[{"href":"http:\/\/gathering.24-7prayer.com\/es\/wp-json\/wp\/v2\/types\/page"}],"author":[{"embeddable":true,"href":"http:\/\/gathering.24-7prayer.com\/es\/wp-json\/wp\/v2\/users\/1"}],"replies":[{"embeddable":true,"href":"http:\/\/gathering.24-7prayer.com\/es\/wp-json\/wp\/v2\/comments?post=1221"}],"version-history":[{"count":30,"href":"http:\/\/gathering.24-7prayer.com\/es\/wp-json\/wp\/v2\/pages\/1221\/revisions"}],"predecessor-version":[{"id":1789,"href":"http:\/\/gathering.24-7prayer.com\/es\/wp-json\/wp\/v2\/pages\/1221\/revisions\/1789"}],"up":[{"embeddable":true,"href":"http:\/\/gathering.24-7prayer.com\/es\/wp-json\/wp\/v2\/pages\/1223"}],"wp:featuredmedia":[{"embeddable":true,"href":"http:\/\/gathering.24-7prayer.com\/es\/wp-json\/wp\/v2\/media\/3052"}],"wp:attachment":[{"href":"http:\/\/gathering.24-7prayer.com\/es\/wp-json\/wp\/v2\/media?parent=1221"}],"curies":[{"name":"wp","href":"https:\/\/api.w.org\/{rel}","templated":true}]}}